{"id":5629,"date":"2018-08-29T18:02:50","date_gmt":"2018-08-29T16:02:50","guid":{"rendered":"https:\/\/www.moog-online.com\/company\/"},"modified":"2026-04-05T22:28:19","modified_gmt":"2026-04-05T20:28:19","slug":"company","status":"publish","type":"page","link":"https:\/\/www.moog-online.com\/us\/company\/","title":{"rendered":"Company"},"content":{"rendered":"<p>[vc_row full_width=&#8221;stretch_row&#8221; content_placement=&#8221;middle&#8221; parallax=&#8221;content-moving&#8221; parallax_image=&#8221;8013&#8243; css=&#8221;.vc_custom_1725525953800{padding-top: 60px !important;padding-bottom: 25px !important;}&#8221; el_class=&#8221;text-white min-height-600 bg-text-white&#8221;][vc_column][vc_row_inner css=&#8221;.vc_custom_1536426093432{margin-bottom: 0px !important;}&#8221;][vc_column_inner el_class=&#8221;text-bold&#8221; width=&#8221;2\/3&#8243;][vc_custom_heading text=&#8221;We solve your access problems &#8211; reliably and professionally&#8221; font_container=&#8221;tag:h1|text_align:left&#8221; use_theme_fonts=&#8221;yes&#8221;][\/vc_column_inner][vc_column_inner width=&#8221;1\/3&#8243;][\/vc_column_inner][\/vc_row_inner][vc_row_inner][vc_column_inner width=&#8221;1\/2&#8243;][vc_column_text]You cannot buy experience, especially when it comes to complex tasks.[\/vc_column_text][vc_btn title=&#8221;Read more&#8221; style=&#8221;custom&#8221; custom_background=&#8221;#e89e40&#8243; custom_text=&#8221;#ffffff&#8221; shape=&#8221;square&#8221; link=&#8221;url:%23company|||&#8221;][\/vc_column_inner][vc_column_inner width=&#8221;1\/2&#8243;][\/vc_column_inner][\/vc_row_inner][\/vc_column][\/vc_row][vc_row css=&#8221;.vc_custom_1536423065323{padding-top: 60px !important;padding-bottom: 25px !important;}&#8221; el_id=&#8221;company&#8221;][vc_column][vc_row_inner][vc_column_inner width=&#8221;1\/4&#8243;][vc_single_image image=&#8221;8080&#8243; alignment=&#8221;center&#8221; css=&#8221;.vc_custom_1727786041801{margin-bottom: -35px !important;}&#8221;][vc_column_text]<\/p>\n<h3 style=\"text-align: center;\"><strong><span style=\"color: #ff9900;\">EXPERIENCE<\/span><\/strong><\/h3>\n<p style=\"text-align: center;\">Decades of experience in Under-Bridge Access Solutions.<\/p>\n<p>[\/vc_column_text][\/vc_column_inner][vc_column_inner width=&#8221;1\/4&#8243;][vc_single_image image=&#8221;8088&#8243; alignment=&#8221;center&#8221; css=&#8221;.vc_custom_1727786048292{margin-bottom: -35px !important;}&#8221;][vc_column_text]<\/p>\n<h3 style=\"text-align: center;\"><strong><span style=\"color: #ff9900;\">EXCELLENCE<\/span><\/strong><\/h3>\n<p style=\"text-align: center;\">The Highest standards for outstanding systems.<\/p>\n<p>[\/vc_column_text][\/vc_column_inner][vc_column_inner width=&#8221;1\/4&#8243;][vc_single_image image=&#8221;8104&#8243; alignment=&#8221;center&#8221; css=&#8221;.vc_custom_1727786053128{margin-bottom: -35px !important;}&#8221;][vc_column_text]<\/p>\n<h3 style=\"text-align: center;\"><strong><span style=\"color: #ff9900;\">TEAMWORK<\/span><\/strong><\/h3>\n<p style=\"text-align: center;\">Together we succeed &#8211; achieving more through teamwork.<\/p>\n<p>[\/vc_column_text][\/vc_column_inner][vc_column_inner width=&#8221;1\/4&#8243;][vc_single_image image=&#8221;8096&#8243; alignment=&#8221;center&#8221; css=&#8221;.vc_custom_1727786058796{margin-bottom: -35px !important;}&#8221;][vc_column_text]<\/p>\n<h3 style=\"text-align: center;\"><strong><span style=\"color: #ff9900;\">INTERNATIONALITY<\/span><\/strong><\/h3>\n<p style=\"text-align: center;\">Global perspectives for customized solutions.<\/p>\n<p>[\/vc_column_text][\/vc_column_inner][\/vc_row_inner][\/vc_column][\/vc_row][vc_row full_width=&#8221;stretch_row&#8221; css=&#8221;.vc_custom_1775420859448{padding-top: 60px !important;padding-bottom: 25px !important;background-color: #e89e40 !important;}&#8221;][vc_column][vc_row_inner][vc_column_inner el_class=&#8221;vc_single_image_caption&#8221;][vc_column_text]<\/p>\n<h1 style=\"text-align: center;\"><span style=\"color: #ffffff;\"><strong>THIS IS MOOG:<\/strong><\/span><\/h1>\n<h3 style=\"text-align: center;\"><span style=\"color: #ffffff;\">Innovative and safe Under-Bridge Access Solutions, built on EXPERIENCE, EXCELLENCE, TEAMWORK und INTERNATIONAL COLLABORATION!<\/span><\/h3>\n<p>[\/vc_column_text][\/vc_column_inner][\/vc_row_inner][\/vc_column][\/vc_row][vc_row css=&#8221;.vc_custom_1536422669688{padding-top: 60px !important;padding-bottom: 25px !important;}&#8221;][vc_column][vc_row_inner][vc_column_inner el_class=&#8221;vc_single_image_caption&#8221;][vc_column_text]MOOG USA, Inc. is situated in the small town of Bedford, which is at the base of the beautiful Blue Ridge Mountains of Virginia, between both Roanoke and Lynchburg Virginia.<\/p>\n<p>MOOG USA, Inc. is committed to bringing its customers the latest up-to date designs in bridge equipment to meet their ever-changing needs in today\u2019s fast paste world. MOOG designs technically superior systems for bridge inspection, maintenance and repair. Leading the global market with more than 35 years of experience, MOOG is excelling in their field. Our equipment line includes under-bridge equipment, aerial platforms, heavy platform units, tunnel inspection equipment and permanently mounted gantry systems.<\/p>\n<p>Our portable truck and trailer mounted platform units are ideally suited to serve the ever increasing demand for bridge inspection, maintenance, and repair equipment in the USA today. The payload capacity and dimensions of our platforms provide greater versatility with regard to actual bridge maintenance and repair. For those who prefer bucket-type equipment we are able to our customers with several different models at very reasonable prices. MOOG Bucket-type units are for inspection and maintenance work as well as for use as aerial work platforms. For higher capacity jobs, customers may want to consider our heavy platform units for both bridge inspection and or repair work.<\/p>\n<p>To compliment their mobile under-bridge units for both road and rail applications MOOG\u2019s strength lies in providing their customer\u2019s with permanently installed gantry systems for all types of bridges. Today\u2019s unique bridge designs challenge our team to bring our customers the equipment they need while taking into consideration the constraints the local may provide. From the conception, through the design stage up the realization MOOG meets each challenge with high standards for service, quality and excellence.[\/vc_column_text][\/vc_column_inner][\/vc_row_inner][\/vc_column][\/vc_row][vc_row full_width=&#8221;stretch_row_content&#8221; css=&#8221;.vc_custom_1775420870430{padding-top: 100px !important;padding-bottom: 65px !important;}&#8221; el_class=&#8221;text-white bg-text-white bg-full-video&#8221;][vc_column][vc_column_text el_class=&#8221;video-bg&#8221;]<video style=\"width: 100%; height: auto;\" autoplay=\"autoplay\" loop=\"loop\" muted=\"\" width=\"300\" height=\"150\"><br \/><source src=\"https:\/\/www.moog-online.com\/wp-content\/uploads\/2026\/04\/MOOG-Brueckenzugangstechnik-Firmengelaende-2.0.mp4\" type=\"video\/mp4\" \/><br \/>\nSorry, your browser doesn&#8217;t support embedded videos, but don&#8217;t worry, you can<br \/>\n<a href=\"https:\/\/archive.org\/details\/BigBuckBunny_124\">download it<\/a><br \/>\nand watch it with your favorite video player!<br \/><\/video>[\/vc_column_text][vc_row_inner][vc_column_inner el_class=&#8221;vc_single_image_caption&#8221;][vc_custom_heading text=&#8221;From Bedford, Virginia to all reaches of the North American Continent!&#8221; font_container=&#8221;tag:h2|text_align:left|color:%23ffffff&#8221; use_theme_fonts=&#8221;yes&#8221;][\/vc_column_inner][\/vc_row_inner][\/vc_column][\/vc_row][vc_row css=&#8221;.vc_custom_1536422669688{padding-top: 60px !important;padding-bottom: 25px !important;}&#8221;][vc_column][vc_row_inner][vc_column_inner el_class=&#8221;vc_single_image_caption&#8221; width=&#8221;1\/4&#8243;][vc_single_image image=&#8221;8112&#8243; img_size=&#8221;large&#8221;][vc_column_text]<small>Christine Moog-Ganzenm\u00fcller<\/small>[\/vc_column_text][\/vc_column_inner][vc_column_inner width=&#8221;3\/4&#8243;][vc_custom_heading text=&#8221;Reliable and competent&#8221; font_container=&#8221;tag:h2|text_align:left|color:%23e89e40&#8243; use_theme_fonts=&#8221;yes&#8221;][vc_column_text]Together as a team we are able to bridge the gap between the customers\u00b4 ideas and the solutions for their access equipment needs. 45 years of experience in access equipment has provided us with a unique know-how in this field and guarantees continuous innovations for our customers.<\/p>\n<p>When it comes to complex engineering challenges, experience matters. That\u2019s why we handle all design and engineering in-house, working closely with our customers. From concept and design to structural and verification analyis \u2013 always innovative and reliable.[\/vc_column_text][\/vc_column_inner][\/vc_row_inner][\/vc_column][\/vc_row][vc_row css=&#8221;.vc_custom_1536422669688{padding-top: 60px !important;padding-bottom: 25px !important;}&#8221;][vc_column][vc_row_inner][vc_column_inner el_class=&#8221;vc_single_image_caption&#8221; width=&#8221;2\/3&#8243;][vc_custom_heading text=&#8221;Founded and built&#8221; font_container=&#8221;tag:h2|text_align:left|color:%23e89e40&#8243; use_theme_fonts=&#8221;yes&#8221;][vc_column_text]Beginning in 1980, starting small, courage and initiative drove Alfons Moog to build a business enterprise, which he pushed into a worldwide business of outstanding reputation. His fascination was to find solutions for under-bridge inspection and specialty-type construction. Countless innovations and patents showed his willingness for creative thinking. His technical know-how, his keen sense of the market\u2019s needs and his ability to motivate his employees led him to become the world\u2019s market leader for under-bridge inspection within 25 years.<\/p>\n<p>Alfons Moog had a life that was shaped by drive, inventive talent and single-mindedness.<\/p>\n<p>On August 16, 2006, MOOG\u2019s founder and general manager Alfons Moog died in Grenoble, France in a tragic accident. His wife Rita Moog and his daughter Christine Moog-Ganzenm\u00fcller continued to lead the company together in his spirit until 2022. With the strong support of the long-standing and trusted team, Christine Moog-Ganzem\u00fcller has been representing the family business as sole managing director since 2023.[\/vc_column_text][\/vc_column_inner][vc_column_inner el_class=&#8221;vc_single_image_caption vc_single_image_max60&#8243; width=&#8221;1\/3&#8243; css=&#8221;.vc_custom_1552049607530{background-position: center !important;background-repeat: no-repeat !important;background-size: cover !important;}&#8221;][vc_single_image image=&#8221;1150&#8243; img_size=&#8221;large&#8221;][vc_column_text]<small>Alfons Moog<\/small>[\/vc_column_text][vc_single_image image=&#8221;584&#8243; img_size=&#8221;large&#8221;][vc_column_text]<small>Rita und Christine Moog-Ganzenm\u00fcller<\/small>[\/vc_column_text][\/vc_column_inner][\/vc_row_inner][\/vc_column][\/vc_row][vc_row full_width=&#8221;stretch_row&#8221; parallax=&#8221;content-moving&#8221; parallax_image=&#8221;636&#8243; css=&#8221;.vc_custom_1536594443495{padding-top: 100px !important;padding-bottom: 65px !important;}&#8221; el_class=&#8221;text-white bg-text-white&#8221;][vc_column][vc_row_inner][vc_column_inner width=&#8221;1\/2&#8243;][\/vc_column_inner][vc_column_inner width=&#8221;1\/2&#8243;][vc_custom_heading text=&#8221;MOOG &#8211; A success-story&#8221; use_theme_fonts=&#8221;yes&#8221;][vc_column_text]It all started back on the 30th of January 1980 when Alfons MOOG designed, built and merchandised a timber hauler and lumber jack machines for the wood industry.[\/vc_column_text][vc_btn title=&#8221;Read more&#8221; style=&#8221;custom&#8221; custom_background=&#8221;#e89e40&#8243; custom_text=&#8221;#ffffff&#8221; shape=&#8221;square&#8221; link=&#8221;url:https%3A%2F%2Fwww.moog-online.com%2Fen%2Fcompany%2Fhistory%2F|title:History&#8221;][\/vc_column_inner][\/vc_row_inner][\/vc_column][\/vc_row][vc_row full_width=&#8221;stretch_row&#8221; css=&#8221;.vc_custom_1536424525091{padding-top: 60px !important;padding-bottom: 25px !important;background-color: #007d40 !important;}&#8221; el_class=&#8221;text-white&#8221;][vc_column][vc_row_inner][vc_column_inner width=&#8221;1\/2&#8243;][vc_custom_heading text=&#8221;Wide Scope with High Level of Quality!&#8221; use_theme_fonts=&#8221;yes&#8221;][vc_column_text]All our systems comply without exception to the worldwide safety regulations. The high standard of our safety philosophy and our certified Quality Management are the base for the compliance with the regulations.<\/p>\n<p>We design and manufacture according to European (CE) and American (ANSI) regulations, and also adapt our systems to other country-specific regulations.[\/vc_column_text][vc_column_text]<\/p>\n<ul>\n<li><a href=\"https:\/\/www.moog-online.com\/wp-content\/uploads\/2023\/07\/Zertifikat-ISO-9001_2015-engl.pdf\" target=\"_blank\" rel=\"noopener\">Certificate RZ ISO 9001_2015<\/a><\/li>\n<\/ul>\n<p>[\/vc_column_text][\/vc_column_inner][vc_column_inner el_class=&#8221;vc_single_image_caption text-center&#8221; width=&#8221;1\/2&#8243;][vc_single_image image=&#8221;543&#8243; img_size=&#8221;full&#8221; alignment=&#8221;center&#8221;][vc_column_text]<small>Quality Management ISO 9001 \u2013 DEKRA certified<\/small>[\/vc_column_text][\/vc_column_inner][\/vc_row_inner][\/vc_column][\/vc_row][vc_row full_width=&#8221;stretch_row&#8221; disable_element=&#8221;yes&#8221; css=&#8221;.vc_custom_1536594896209{padding-top: 60px !important;padding-bottom: 25px !important;background-color: #007d40 !important;}&#8221; el_class=&#8221;text-white&#8221;][vc_column][vc_row_inner][vc_column_inner width=&#8221;1\/4&#8243;][\/vc_column_inner][vc_column_inner el_class=&#8221;text-center&#8221; width=&#8221;1\/2&#8243;][vc_custom_heading text=&#8221;Gro\u00dfe Bandbreite mit hohem Qualit\u00e4tsanspruch!&#8221; font_container=&#8221;tag:h2|text_align:center&#8221; use_theme_fonts=&#8221;yes&#8221;][vc_column_text]Alle unsere Systeme erf\u00fcllen kompromisslos die weltweit strengsten Sicherheitsvorschriften. Der hohe Standard unserer Sicherheitsphilosophie und unser qualifiziertes internes Qualit\u00e4tsmanagement bilden die Basis f\u00fcr die Einhaltung aller Normen.<\/p>\n<p>Wir konstruieren und fertigen beispielsweise gem\u00e4\u00df der europ\u00e4ischen (CE) und der amerikanischen (ANSI) Vorschriften, passen uns aber weltweit an die l\u00e4nderspezifischen Anforderungen an.[\/vc_column_text][\/vc_column_inner][vc_column_inner width=&#8221;1\/4&#8243;][\/vc_column_inner][\/vc_row_inner][vc_row_inner][vc_column_inner width=&#8221;1\/4&#8243;][\/vc_column_inner][vc_column_inner el_class=&#8221;vc_single_image_caption text-center&#8221; width=&#8221;1\/2&#8243;][vc_single_image image=&#8221;543&#8243; img_size=&#8221;full&#8221; alignment=&#8221;center&#8221;][vc_column_text]<small>Qualit\u00e4tsmanagement ISO 9001 &#8211; DEKRA zertifiziert<\/small>[\/vc_column_text][\/vc_column_inner][vc_column_inner width=&#8221;1\/4&#8243;][\/vc_column_inner][\/vc_row_inner][\/vc_column][\/vc_row]<\/p>\n","protected":false},"excerpt":{"rendered":"<p>[vc_row full_width=&#8221;stretch_row&#8221; content_placement=&#8221;middle&#8221; parallax=&#8221;content-moving&#8221; parallax_image=&#8221;8013&#8243; css=&#8221;.vc_custom_1725525953800{padding-top: 60px !important;padding-bottom: 25px !important;}&#8221; el_class=&#8221;text-white min-height-600 bg-text-white&#8221;][vc_column][vc_row_inner css=&#8221;.vc_custom_1536426093432{margin-bottom: 0px !important;}&#8221;][vc_column_inner el_class=&#8221;text-bold&#8221; width=&#8221;2\/3&#8243;][vc_custom_heading text=&#8221;We solve your access problems &#8211; reliably and [&hellip;]<\/p>\n<p class=\"read-more\">Read more<i class=\"icon-right-open\"><\/i><\/p>\n","protected":false},"author":2,"featured_media":0,"parent":0,"menu_order":4,"comment_status":"closed","ping_status":"closed","template":"","meta":{"footnotes":""},"class_list":["post-5629","page","type-page","status-publish","hentry"],"yoast_head":"<!-- This site is optimized with the Yoast SEO plugin v27.3 - https:\/\/yoast.com\/product\/yoast-seo-wordpress\/ -->\n<title>Company - MOOG Br\u00fcckenzugangstechnik - Under Bridge Access Solutions<\/title>\n<meta name=\"robots\" content=\"index, follow, max-snippet:-1, max-image-preview:large, max-video-preview:-1\" \/>\n<link rel=\"canonical\" href=\"https:\/\/www.moog-online.com\/us\/company\/\" \/>\n<meta property=\"og:locale\" content=\"en_US\" \/>\n<meta property=\"og:type\" content=\"article\" \/>\n<meta property=\"og:title\" content=\"Company - MOOG Br\u00fcckenzugangstechnik - Under Bridge Access Solutions\" \/>\n<meta property=\"og:description\" content=\"[vc_row full_width=&#8221;stretch_row&#8221; content_placement=&#8221;middle&#8221; parallax=&#8221;content-moving&#8221; parallax_image=&#8221;8013&#8243; css=&#8221;.vc_custom_1725525953800{padding-top: 60px !important;padding-bottom: 25px !important;}&#8221; el_class=&#8221;text-white min-height-600 bg-text-white&#8221;][vc_column][vc_row_inner css=&#8221;.vc_custom_1536426093432{margin-bottom: 0px !important;}&#8221;][vc_column_inner el_class=&#8221;text-bold&#8221; width=&#8221;2\/3&#8243;][vc_custom_heading text=&#8221;We solve your access problems &#8211; reliably and [&hellip;]Read more\" \/>\n<meta property=\"og:url\" content=\"https:\/\/www.moog-online.com\/us\/company\/\" \/>\n<meta property=\"og:site_name\" content=\"MOOG\" \/>\n<meta property=\"article:modified_time\" content=\"2026-04-05T20:28:19+00:00\" \/>\n<meta name=\"twitter:card\" content=\"summary_large_image\" \/>\n<meta name=\"twitter:label1\" content=\"Est. reading time\" \/>\n\t<meta name=\"twitter:data1\" content=\"6 minutes\" \/>\n<script type=\"application\/ld+json\" class=\"yoast-schema-graph\">{\"@context\":\"https:\\\/\\\/schema.org\",\"@graph\":[{\"@type\":\"WebPage\",\"@id\":\"https:\\\/\\\/www.moog-online.com\\\/us\\\/company\\\/\",\"url\":\"https:\\\/\\\/www.moog-online.com\\\/us\\\/company\\\/\",\"name\":\"Company - MOOG Br\u00fcckenzugangstechnik - Under Bridge Access Solutions\",\"isPartOf\":{\"@id\":\"https:\\\/\\\/www.moog-online.com\\\/#website\"},\"datePublished\":\"2018-08-29T16:02:50+00:00\",\"dateModified\":\"2026-04-05T20:28:19+00:00\",\"breadcrumb\":{\"@id\":\"https:\\\/\\\/www.moog-online.com\\\/us\\\/company\\\/#breadcrumb\"},\"inLanguage\":\"en-US\",\"potentialAction\":[{\"@type\":\"ReadAction\",\"target\":[\"https:\\\/\\\/www.moog-online.com\\\/us\\\/company\\\/\"]}]},{\"@type\":\"BreadcrumbList\",\"@id\":\"https:\\\/\\\/www.moog-online.com\\\/us\\\/company\\\/#breadcrumb\",\"itemListElement\":[{\"@type\":\"ListItem\",\"position\":1,\"name\":\"Startseite\",\"item\":\"https:\\\/\\\/www.moog-online.com\\\/us\\\/\"},{\"@type\":\"ListItem\",\"position\":2,\"name\":\"Company\"}]},{\"@type\":\"WebSite\",\"@id\":\"https:\\\/\\\/www.moog-online.com\\\/#website\",\"url\":\"https:\\\/\\\/www.moog-online.com\\\/\",\"name\":\"MOOG\",\"description\":\"Br\u00fcckenzugangstechnik - Under Bridge Access Solutions\",\"publisher\":{\"@id\":\"https:\\\/\\\/www.moog-online.com\\\/#organization\"},\"potentialAction\":[{\"@type\":\"SearchAction\",\"target\":{\"@type\":\"EntryPoint\",\"urlTemplate\":\"https:\\\/\\\/www.moog-online.com\\\/?s={search_term_string}\"},\"query-input\":{\"@type\":\"PropertyValueSpecification\",\"valueRequired\":true,\"valueName\":\"search_term_string\"}}],\"inLanguage\":\"en-US\"},{\"@type\":\"Organization\",\"@id\":\"https:\\\/\\\/www.moog-online.com\\\/#organization\",\"name\":\"MOOG GmbH Br\u00fcckenzugangstechnik - Under Bridge Access Solutions\",\"url\":\"https:\\\/\\\/www.moog-online.com\\\/\",\"logo\":{\"@type\":\"ImageObject\",\"inLanguage\":\"en-US\",\"@id\":\"https:\\\/\\\/www.moog-online.com\\\/#\\\/schema\\\/logo\\\/image\\\/\",\"url\":\"\",\"contentUrl\":\"\",\"caption\":\"MOOG GmbH Br\u00fcckenzugangstechnik - Under Bridge Access Solutions\"},\"image\":{\"@id\":\"https:\\\/\\\/www.moog-online.com\\\/#\\\/schema\\\/logo\\\/image\\\/\"}}]}<\/script>\n<!-- \/ Yoast SEO plugin. -->","yoast_head_json":{"title":"Company - MOOG Br\u00fcckenzugangstechnik - Under Bridge Access Solutions","robots":{"index":"index","follow":"follow","max-snippet":"max-snippet:-1","max-image-preview":"max-image-preview:large","max-video-preview":"max-video-preview:-1"},"canonical":"https:\/\/www.moog-online.com\/us\/company\/","og_locale":"en_US","og_type":"article","og_title":"Company - MOOG Br\u00fcckenzugangstechnik - Under Bridge Access Solutions","og_description":"[vc_row full_width=&#8221;stretch_row&#8221; content_placement=&#8221;middle&#8221; parallax=&#8221;content-moving&#8221; parallax_image=&#8221;8013&#8243; css=&#8221;.vc_custom_1725525953800{padding-top: 60px !important;padding-bottom: 25px !important;}&#8221; el_class=&#8221;text-white min-height-600 bg-text-white&#8221;][vc_column][vc_row_inner css=&#8221;.vc_custom_1536426093432{margin-bottom: 0px !important;}&#8221;][vc_column_inner el_class=&#8221;text-bold&#8221; width=&#8221;2\/3&#8243;][vc_custom_heading text=&#8221;We solve your access problems &#8211; reliably and [&hellip;]Read more","og_url":"https:\/\/www.moog-online.com\/us\/company\/","og_site_name":"MOOG","article_modified_time":"2026-04-05T20:28:19+00:00","twitter_card":"summary_large_image","twitter_misc":{"Est. reading time":"6 minutes"},"schema":{"@context":"https:\/\/schema.org","@graph":[{"@type":"WebPage","@id":"https:\/\/www.moog-online.com\/us\/company\/","url":"https:\/\/www.moog-online.com\/us\/company\/","name":"Company - MOOG Br\u00fcckenzugangstechnik - Under Bridge Access Solutions","isPartOf":{"@id":"https:\/\/www.moog-online.com\/#website"},"datePublished":"2018-08-29T16:02:50+00:00","dateModified":"2026-04-05T20:28:19+00:00","breadcrumb":{"@id":"https:\/\/www.moog-online.com\/us\/company\/#breadcrumb"},"inLanguage":"en-US","potentialAction":[{"@type":"ReadAction","target":["https:\/\/www.moog-online.com\/us\/company\/"]}]},{"@type":"BreadcrumbList","@id":"https:\/\/www.moog-online.com\/us\/company\/#breadcrumb","itemListElement":[{"@type":"ListItem","position":1,"name":"Startseite","item":"https:\/\/www.moog-online.com\/us\/"},{"@type":"ListItem","position":2,"name":"Company"}]},{"@type":"WebSite","@id":"https:\/\/www.moog-online.com\/#website","url":"https:\/\/www.moog-online.com\/","name":"MOOG","description":"Br\u00fcckenzugangstechnik - Under Bridge Access Solutions","publisher":{"@id":"https:\/\/www.moog-online.com\/#organization"},"potentialAction":[{"@type":"SearchAction","target":{"@type":"EntryPoint","urlTemplate":"https:\/\/www.moog-online.com\/?s={search_term_string}"},"query-input":{"@type":"PropertyValueSpecification","valueRequired":true,"valueName":"search_term_string"}}],"inLanguage":"en-US"},{"@type":"Organization","@id":"https:\/\/www.moog-online.com\/#organization","name":"MOOG GmbH Br\u00fcckenzugangstechnik - Under Bridge Access Solutions","url":"https:\/\/www.moog-online.com\/","logo":{"@type":"ImageObject","inLanguage":"en-US","@id":"https:\/\/www.moog-online.com\/#\/schema\/logo\/image\/","url":"","contentUrl":"","caption":"MOOG GmbH Br\u00fcckenzugangstechnik - Under Bridge Access Solutions"},"image":{"@id":"https:\/\/www.moog-online.com\/#\/schema\/logo\/image\/"}}]}},"_links":{"self":[{"href":"https:\/\/www.moog-online.com\/us\/wp-json\/wp\/v2\/pages\/5629","targetHints":{"allow":["GET"]}}],"collection":[{"href":"https:\/\/www.moog-online.com\/us\/wp-json\/wp\/v2\/pages"}],"about":[{"href":"https:\/\/www.moog-online.com\/us\/wp-json\/wp\/v2\/types\/page"}],"author":[{"embeddable":true,"href":"https:\/\/www.moog-online.com\/us\/wp-json\/wp\/v2\/users\/2"}],"replies":[{"embeddable":true,"href":"https:\/\/www.moog-online.com\/us\/wp-json\/wp\/v2\/comments?post=5629"}],"version-history":[{"count":5,"href":"https:\/\/www.moog-online.com\/us\/wp-json\/wp\/v2\/pages\/5629\/revisions"}],"predecessor-version":[{"id":8794,"href":"https:\/\/www.moog-online.com\/us\/wp-json\/wp\/v2\/pages\/5629\/revisions\/8794"}],"wp:attachment":[{"href":"https:\/\/www.moog-online.com\/us\/wp-json\/wp\/v2\/media?parent=5629"}],"curies":[{"name":"wp","href":"https:\/\/api.w.org\/{rel}","templated":true}]}}