{"id":5631,"date":"2018-08-29T18:02:50","date_gmt":"2018-08-29T16:02:50","guid":{"rendered":"https:\/\/www.moog-online.com\/company\/"},"modified":"2026-04-05T22:30:16","modified_gmt":"2026-04-05T20:30:16","slug":"company","status":"publish","type":"page","link":"https:\/\/www.moog-online.com\/fr\/company\/","title":{"rendered":"Company"},"content":{"rendered":"<p>[vc_row full_width=\u00a0\u00bbstretch_row\u00a0\u00bb content_placement=\u00a0\u00bbmiddle\u00a0\u00bb parallax=\u00a0\u00bbcontent-moving\u00a0\u00bb parallax_image=\u00a0\u00bb8013&Prime; css=\u00a0\u00bb.vc_custom_1725525953800{padding-top: 60px !important;padding-bottom: 25px !important;}\u00a0\u00bb el_class=\u00a0\u00bbtext-white min-height-600 bg-text-white\u00a0\u00bb][vc_column][vc_row_inner css=\u00a0\u00bb.vc_custom_1536426093432{margin-bottom: 0px !important;}\u00a0\u00bb][vc_column_inner el_class=\u00a0\u00bbtext-bold\u00a0\u00bb width=\u00a0\u00bb2\/3&Prime;][vc_custom_heading text=\u00a0\u00bbWe solve your access problems &#8211; reliably and professionally\u00a0\u00bb font_container=\u00a0\u00bbtag:h1|text_align:left\u00a0\u00bb use_theme_fonts=\u00a0\u00bbyes\u00a0\u00bb][\/vc_column_inner][vc_column_inner width=\u00a0\u00bb1\/3&Prime;][\/vc_column_inner][\/vc_row_inner][vc_row_inner][vc_column_inner width=\u00a0\u00bb1\/2&Prime;][vc_column_text]You cannot buy experience, especially when it comes to complex tasks.[\/vc_column_text][vc_btn title=\u00a0\u00bbRead more\u00a0\u00bb style=\u00a0\u00bbcustom\u00a0\u00bb custom_background=\u00a0\u00bb#e89e40&Prime; custom_text=\u00a0\u00bb#ffffff\u00a0\u00bb shape=\u00a0\u00bbsquare\u00a0\u00bb link=\u00a0\u00bburl:%23company|||\u00a0\u00bb][\/vc_column_inner][vc_column_inner width=\u00a0\u00bb1\/2&Prime;][\/vc_column_inner][\/vc_row_inner][\/vc_column][\/vc_row][vc_row css=\u00a0\u00bb.vc_custom_1536423065323{padding-top: 60px !important;padding-bottom: 25px !important;}\u00a0\u00bb el_id=\u00a0\u00bbcompany\u00a0\u00bb][vc_column][vc_row_inner][vc_column_inner width=\u00a0\u00bb1\/4&Prime;][vc_single_image image=\u00a0\u00bb8082&Prime; alignment=\u00a0\u00bbcenter\u00a0\u00bb css=\u00a0\u00bb.vc_custom_1727786041801{margin-bottom: -35px !important;}\u00a0\u00bb][vc_column_text]<\/p>\n<h3 style=\"text-align: center;\"><strong><span style=\"color: #ff9900;\">EXPERIENCE<\/span><\/strong><\/h3>\n<p style=\"text-align: center;\">Decades of experience in Under-Bridge Access Solutions.<\/p>\n<p>[\/vc_column_text][\/vc_column_inner][vc_column_inner width=\u00a0\u00bb1\/4&Prime;][vc_single_image image=\u00a0\u00bb8090&Prime; alignment=\u00a0\u00bbcenter\u00a0\u00bb css=\u00a0\u00bb.vc_custom_1727786048292{margin-bottom: -35px !important;}\u00a0\u00bb][vc_column_text]<\/p>\n<h3 style=\"text-align: center;\"><strong><span style=\"color: #ff9900;\">EXCELLENCE<\/span><\/strong><\/h3>\n<p style=\"text-align: center;\">The Highest standards for outstanding systems.<\/p>\n<p>[\/vc_column_text][\/vc_column_inner][vc_column_inner width=\u00a0\u00bb1\/4&Prime;][vc_single_image image=\u00a0\u00bb8106&Prime; alignment=\u00a0\u00bbcenter\u00a0\u00bb css=\u00a0\u00bb.vc_custom_1727786053128{margin-bottom: -35px !important;}\u00a0\u00bb][vc_column_text]<\/p>\n<h3 style=\"text-align: center;\"><strong><span style=\"color: #ff9900;\">TEAMWORK<\/span><\/strong><\/h3>\n<p style=\"text-align: center;\">Together we succeed &#8211; achieving more through teamwork.<\/p>\n<p>[\/vc_column_text][\/vc_column_inner][vc_column_inner width=\u00a0\u00bb1\/4&Prime;][vc_single_image image=\u00a0\u00bb8098&Prime; alignment=\u00a0\u00bbcenter\u00a0\u00bb css=\u00a0\u00bb.vc_custom_1727786058796{margin-bottom: -35px !important;}\u00a0\u00bb][vc_column_text]<\/p>\n<h3 style=\"text-align: center;\"><strong><span style=\"color: #ff9900;\">INTERNATIONALITY<\/span><\/strong><\/h3>\n<p style=\"text-align: center;\">Global perspectives for customized solutions.<\/p>\n<p>[\/vc_column_text][\/vc_column_inner][\/vc_row_inner][\/vc_column][\/vc_row][vc_row full_width=\u00a0\u00bbstretch_row\u00a0\u00bb css=\u00a0\u00bb.vc_custom_1775420579088{padding-top: 60px !important;padding-bottom: 25px !important;background-color: #e89e40 !important;}\u00a0\u00bb][vc_column][vc_row_inner][vc_column_inner el_class=\u00a0\u00bbvc_single_image_caption\u00a0\u00bb][vc_column_text]<\/p>\n<h1 style=\"text-align: center;\"><span style=\"color: #ffffff;\"><strong>THIS IS MOOG:<\/strong><\/span><\/h1>\n<h3 style=\"text-align: center;\"><span style=\"color: #ffffff;\">Innovative and safe Under-Bridge Access Solutions, built on EXPERIENCE, EXCELLENCE, TEAMWORK and INTERNATIONAL COLLABORATION!<\/span><\/h3>\n<p>[\/vc_column_text][\/vc_column_inner][\/vc_row_inner][\/vc_column][\/vc_row][vc_row css=\u00a0\u00bb.vc_custom_1775420571016{padding-top: 60px !important;padding-bottom: 25px !important;}\u00a0\u00bb][vc_column][vc_row_inner][vc_column_inner el_class=\u00a0\u00bbvc_single_image_caption\u00a0\u00bb][vc_column_text]For over 45 years, our family business in its second generation has combined expertise and commitment to deliver bridge inspection units and special constructions to customers around the world.<\/p>\n<p>Our company is situated in the township Deggenhausertal near Lake Constance in the south of Germany and in the center of Europe. Easily reached from airports Friedrichshafen, Zurich (Switzerland), Munich or Stuttgart.<\/p>\n<p>All our design and manufacturing capacities are centralized in one headquarter. This makes communication between the departments quick and easy. Furthermore communication with our branch offices in the USA (Virginia) and Hong Kong flows effortlessly.<\/p>\n<p>Know-how combined with state of the art equipment are the basis for efficient and customized design and production. The MOOG team consists of 50 highly trained specialists, most of them having completed their apprenticeship training at MOOG.[\/vc_column_text][\/vc_column_inner][\/vc_row_inner][\/vc_column][\/vc_row][vc_row full_width=\u00a0\u00bbstretch_row_content\u00a0\u00bb css=\u00a0\u00bb.vc_custom_1775420524217{padding-top: 100px !important;padding-bottom: 65px !important;}\u00a0\u00bb el_class=\u00a0\u00bbtext-white bg-text-white bg-full-video\u00a0\u00bb][vc_column][vc_column_text el_class=\u00a0\u00bbvideo-bg\u00a0\u00bb]<video style=\"width: 100%; height: auto;\" autoplay=\"autoplay\" loop=\"loop\" muted=\"\" width=\"300\" height=\"150\"><source src=\"https:\/\/www.moog-online.com\/wp-content\/uploads\/2026\/04\/MOOG-Brueckenzugangstechnik-Firmengelaende-2.0.mp4\" type=\"video\/mp4\" \/>Sorry, your browser doesn&rsquo;t support embedded videos, but don&rsquo;t worry, you can<br \/>\n<a href=\"https:\/\/archive.org\/details\/BigBuckBunny_124\">download it<\/a><br \/>\nand watch it with your favorite video player!<\/video>[\/vc_column_text][vc_row_inner][vc_column_inner el_class=\u00a0\u00bbvc_single_image_caption\u00a0\u00bb][vc_custom_heading text=\u00a0\u00bbFrom the South of Germany to all reaches of the world!\u00a0\u00bb font_container=\u00a0\u00bbtag:h2|text_align:left|color:%23fff\u00a0\u00bb use_theme_fonts=\u00a0\u00bbyes\u00a0\u00bb][\/vc_column_inner][\/vc_row_inner][\/vc_column][\/vc_row][vc_row css=\u00a0\u00bb.vc_custom_1536422669688{padding-top: 60px !important;padding-bottom: 25px !important;}\u00a0\u00bb][vc_column][vc_row_inner][vc_column_inner el_class=\u00a0\u00bbvc_single_image_caption\u00a0\u00bb width=\u00a0\u00bb1\/4&Prime;][vc_single_image image=\u00a0\u00bb8114&Prime; img_size=\u00a0\u00bblarge\u00a0\u00bb][vc_column_text]<small>Christine Moog-Ganzenm\u00fcller<\/small>[\/vc_column_text][\/vc_column_inner][vc_column_inner width=\u00a0\u00bb3\/4&Prime;][vc_custom_heading text=\u00a0\u00bbReliable and competent\u00a0\u00bb font_container=\u00a0\u00bbtag:h2|text_align:left|color:%23e89e40&Prime; use_theme_fonts=\u00a0\u00bbyes\u00a0\u00bb][vc_column_text]Together as a team we are able to bridge the gap between the customers\u00b4 ideas and the solutions for their access equipment needs. 45 years of experience in access equipment has provided us with a unique know-how in this field and guarantees continuous innovations for our customers.<\/p>\n<p>When it comes to complex engineering challenges, experience matters. That&rsquo;s why we handle all design and engineering in-house, working closely with our customers. From concept and design to structural and verification analyis &#8211; always innovative and reliable.[\/vc_column_text][\/vc_column_inner][\/vc_row_inner][\/vc_column][\/vc_row][vc_row css=\u00a0\u00bb.vc_custom_1536422669688{padding-top: 60px !important;padding-bottom: 25px !important;}\u00a0\u00bb][vc_column][vc_row_inner][vc_column_inner el_class=\u00a0\u00bbvc_single_image_caption\u00a0\u00bb width=\u00a0\u00bb2\/3&Prime;][vc_custom_heading text=\u00a0\u00bbFounded and built\u00a0\u00bb font_container=\u00a0\u00bbtag:h2|text_align:left|color:%23e89e40&Prime; use_theme_fonts=\u00a0\u00bbyes\u00a0\u00bb][vc_column_text]Beginning in 1980, starting small, courage and initiative drove Alfons Moog to build a business enterprise, which he pushed into a worldwide business of outstanding reputation. His fascination was to find solutions for under-bridge inspection and specialty-type construction. Countless innovations and patents showed his willingness for creative thinking. His technical know-how, his keen sense of the market\u2019s needs and his ability to motivate his employees led him to become the world\u2019s market leader for under-bridge inspection within 25 years.<\/p>\n<p>Alfons Moog had a life that was shaped by drive, inventive talent and single-mindedness.<\/p>\n<p>On August 16, 2006, MOOG\u2019s founder and general manager Alfons Moog died in Grenoble, France in a tragic accident. His wife Rita Moog and his daughter Christine Moog-Ganzenm\u00fcller continued to lead the company together in his spirit until 2022. With the strong support of the long-standing and trusted team, Christine Moog-Ganzem\u00fcller has been representing the family business as sole managing director since 2023.[\/vc_column_text][\/vc_column_inner][vc_column_inner el_class=\u00a0\u00bbvc_single_image_caption vc_single_image_max60&Prime; width=\u00a0\u00bb1\/3&Prime; css=\u00a0\u00bb.vc_custom_1552049607530{background-position: center !important;background-repeat: no-repeat !important;background-size: cover !important;}\u00a0\u00bb][vc_single_image image=\u00a0\u00bb1152&Prime; img_size=\u00a0\u00bblarge\u00a0\u00bb][vc_column_text]<small>Alfons Moog<\/small>[\/vc_column_text][vc_single_image image=\u00a0\u00bb586&Prime; img_size=\u00a0\u00bblarge\u00a0\u00bb][vc_column_text]<small>Rita und Christine Moog-Ganzenm\u00fcller<\/small>[\/vc_column_text][\/vc_column_inner][\/vc_row_inner][\/vc_column][\/vc_row][vc_row full_width=\u00a0\u00bbstretch_row\u00a0\u00bb parallax=\u00a0\u00bbcontent-moving\u00a0\u00bb parallax_image=\u00a0\u00bb636&Prime; css=\u00a0\u00bb.vc_custom_1536594443495{padding-top: 100px !important;padding-bottom: 65px !important;}\u00a0\u00bb el_class=\u00a0\u00bbtext-white bg-text-white\u00a0\u00bb][vc_column][vc_row_inner][vc_column_inner width=\u00a0\u00bb1\/2&Prime;][\/vc_column_inner][vc_column_inner width=\u00a0\u00bb1\/2&Prime;][vc_custom_heading text=\u00a0\u00bbMOOG &#8211; A success-story\u00a0\u00bb use_theme_fonts=\u00a0\u00bbyes\u00a0\u00bb][vc_column_text]It all started back on the 30th of January 1980 when Alfons MOOG designed, built and merchandised a timber hauler and lumber jack machines for the wood industry.[\/vc_column_text][vc_btn title=\u00a0\u00bbRead more\u00a0\u00bb style=\u00a0\u00bbcustom\u00a0\u00bb custom_background=\u00a0\u00bb#e89e40&Prime; custom_text=\u00a0\u00bb#ffffff\u00a0\u00bb shape=\u00a0\u00bbsquare\u00a0\u00bb link=\u00a0\u00bburl:https%3A%2F%2Fwww.moog-online.com%2Fen%2Fcompany%2Fhistory%2F|title:History\u00a0\u00bb][\/vc_column_inner][\/vc_row_inner][\/vc_column][\/vc_row][vc_row full_width=\u00a0\u00bbstretch_row\u00a0\u00bb css=\u00a0\u00bb.vc_custom_1536424525091{padding-top: 60px !important;padding-bottom: 25px !important;background-color: #007d40 !important;}\u00a0\u00bb el_class=\u00a0\u00bbtext-white\u00a0\u00bb][vc_column][vc_row_inner][vc_column_inner width=\u00a0\u00bb1\/2&Prime;][vc_custom_heading text=\u00a0\u00bbWide Scope with High Level of Quality!\u00a0\u00bb use_theme_fonts=\u00a0\u00bbyes\u00a0\u00bb][vc_column_text]All our systems comply without exception to the worldwide safety regulations. The high standard of our safety philosophy and our certified Quality Management are the base for the compliance with the regulations.<\/p>\n<p>We design and manufacture according to European (CE) and American (ANSI) regulations, and also adapt our systems to other country-specific regulations.[\/vc_column_text][vc_column_text]<\/p>\n<ul>\n<li><a href=\"https:\/\/www.moog-online.com\/wp-content\/uploads\/2023\/07\/Zertifikat-ISO-9001_2015-engl.pdf\" target=\"_blank\" rel=\"noopener\">Certificate RZ ISO 9001_2015<\/a><\/li>\n<\/ul>\n<p>[\/vc_column_text][\/vc_column_inner][vc_column_inner el_class=\u00a0\u00bbvc_single_image_caption text-center\u00a0\u00bb width=\u00a0\u00bb1\/2&Prime;][vc_single_image image=\u00a0\u00bb545&Prime; img_size=\u00a0\u00bbfull\u00a0\u00bb alignment=\u00a0\u00bbcenter\u00a0\u00bb][vc_column_text]<small>Quality Management ISO 9001 \u2013 DEKRA certified<\/small>[\/vc_column_text][\/vc_column_inner][\/vc_row_inner][\/vc_column][\/vc_row][vc_row full_width=\u00a0\u00bbstretch_row\u00a0\u00bb disable_element=\u00a0\u00bbyes\u00a0\u00bb css=\u00a0\u00bb.vc_custom_1536594896209{padding-top: 60px !important;padding-bottom: 25px !important;background-color: #007d40 !important;}\u00a0\u00bb el_class=\u00a0\u00bbtext-white\u00a0\u00bb][vc_column][vc_row_inner][vc_column_inner width=\u00a0\u00bb1\/4&Prime;][\/vc_column_inner][vc_column_inner el_class=\u00a0\u00bbtext-center\u00a0\u00bb width=\u00a0\u00bb1\/2&Prime;][vc_custom_heading text=\u00a0\u00bbGro\u00dfe Bandbreite mit hohem Qualit\u00e4tsanspruch!\u00a0\u00bb font_container=\u00a0\u00bbtag:h2|text_align:center\u00a0\u00bb use_theme_fonts=\u00a0\u00bbyes\u00a0\u00bb][vc_column_text]Alle unsere Systeme erf\u00fcllen kompromisslos die weltweit strengsten Sicherheitsvorschriften. Der hohe Standard unserer Sicherheitsphilosophie und unser qualifiziertes internes Qualit\u00e4tsmanagement bilden die Basis f\u00fcr die Einhaltung aller Normen.<\/p>\n<p>Wir konstruieren und fertigen beispielsweise gem\u00e4\u00df der europ\u00e4ischen (CE) und der amerikanischen (ANSI) Vorschriften, passen uns aber weltweit an die l\u00e4nderspezifischen Anforderungen an.[\/vc_column_text][\/vc_column_inner][vc_column_inner width=\u00a0\u00bb1\/4&Prime;][\/vc_column_inner][\/vc_row_inner][vc_row_inner][vc_column_inner width=\u00a0\u00bb1\/4&Prime;][\/vc_column_inner][vc_column_inner el_class=\u00a0\u00bbvc_single_image_caption text-center\u00a0\u00bb width=\u00a0\u00bb1\/2&Prime;][vc_single_image image=\u00a0\u00bb545&Prime; img_size=\u00a0\u00bbfull\u00a0\u00bb alignment=\u00a0\u00bbcenter\u00a0\u00bb][vc_column_text]<small>Qualit\u00e4tsmanagement ISO 9001 &#8211; DEKRA zertifiziert<\/small>[\/vc_column_text][\/vc_column_inner][vc_column_inner width=\u00a0\u00bb1\/4&Prime;][\/vc_column_inner][\/vc_row_inner][\/vc_column][\/vc_row]<\/p>\n","protected":false},"excerpt":{"rendered":"<p>[vc_row full_width=\u00a0\u00bbstretch_row\u00a0\u00bb content_placement=\u00a0\u00bbmiddle\u00a0\u00bb parallax=\u00a0\u00bbcontent-moving\u00a0\u00bb parallax_image=\u00a0\u00bb8013&Prime; css=\u00a0\u00bb.vc_custom_1725525953800{padding-top: 60px !important;padding-bottom: 25px !important;}\u00a0\u00bb el_class=\u00a0\u00bbtext-white min-height-600 bg-text-white\u00a0\u00bb][vc_column][vc_row_inner css=\u00a0\u00bb.vc_custom_1536426093432{margin-bottom: 0px !important;}\u00a0\u00bb][vc_column_inner el_class=\u00a0\u00bbtext-bold\u00a0\u00bb width=\u00a0\u00bb2\/3&Prime;][vc_custom_heading text=\u00a0\u00bbWe solve your access problems &#8211; reliably and [&hellip;]<\/p>\n<p class=\"read-more\">Lire la suite<i class=\"icon-right-open\"><\/i><\/p>\n","protected":false},"author":2,"featured_media":0,"parent":0,"menu_order":4,"comment_status":"closed","ping_status":"closed","template":"","meta":{"footnotes":""},"class_list":["post-5631","page","type-page","status-publish","hentry"],"yoast_head":"<!-- This site is optimized with the Yoast SEO plugin v27.3 - https:\/\/yoast.com\/product\/yoast-seo-wordpress\/ -->\n<title>Company - MOOG Br\u00fcckenzugangstechnik - Under Bridge Access Solutions<\/title>\n<meta name=\"robots\" content=\"index, follow, max-snippet:-1, max-image-preview:large, max-video-preview:-1\" \/>\n<link rel=\"canonical\" href=\"https:\/\/www.moog-online.com\/fr\/company\/\" \/>\n<meta property=\"og:locale\" content=\"fr_FR\" \/>\n<meta property=\"og:type\" content=\"article\" \/>\n<meta property=\"og:title\" content=\"Company - MOOG Br\u00fcckenzugangstechnik - Under Bridge Access Solutions\" \/>\n<meta property=\"og:description\" content=\"[vc_row full_width=\u00a0\u00bbstretch_row\u00a0\u00bb content_placement=\u00a0\u00bbmiddle\u00a0\u00bb parallax=\u00a0\u00bbcontent-moving\u00a0\u00bb parallax_image=\u00a0\u00bb8013&Prime; css=\u00a0\u00bb.vc_custom_1725525953800{padding-top: 60px !important;padding-bottom: 25px !important;}\u00a0\u00bb el_class=\u00a0\u00bbtext-white min-height-600 bg-text-white\u00a0\u00bb][vc_column][vc_row_inner css=\u00a0\u00bb.vc_custom_1536426093432{margin-bottom: 0px !important;}\u00a0\u00bb][vc_column_inner el_class=\u00a0\u00bbtext-bold\u00a0\u00bb width=\u00a0\u00bb2\/3&Prime;][vc_custom_heading text=\u00a0\u00bbWe solve your access problems &#8211; reliably and [&hellip;]Lire la suite\" \/>\n<meta property=\"og:url\" content=\"https:\/\/www.moog-online.com\/fr\/company\/\" \/>\n<meta property=\"og:site_name\" content=\"MOOG\" \/>\n<meta property=\"article:modified_time\" content=\"2026-04-05T20:30:16+00:00\" \/>\n<meta name=\"twitter:card\" content=\"summary_large_image\" \/>\n<meta name=\"twitter:label1\" content=\"Dur\u00e9e de lecture estim\u00e9e\" \/>\n\t<meta name=\"twitter:data1\" content=\"6 minutes\" \/>\n<script type=\"application\/ld+json\" class=\"yoast-schema-graph\">{\"@context\":\"https:\\\/\\\/schema.org\",\"@graph\":[{\"@type\":\"WebPage\",\"@id\":\"https:\\\/\\\/www.moog-online.com\\\/fr\\\/company\\\/\",\"url\":\"https:\\\/\\\/www.moog-online.com\\\/fr\\\/company\\\/\",\"name\":\"Company - MOOG Br\u00fcckenzugangstechnik - Under Bridge Access Solutions\",\"isPartOf\":{\"@id\":\"https:\\\/\\\/www.moog-online.com\\\/#website\"},\"datePublished\":\"2018-08-29T16:02:50+00:00\",\"dateModified\":\"2026-04-05T20:30:16+00:00\",\"breadcrumb\":{\"@id\":\"https:\\\/\\\/www.moog-online.com\\\/fr\\\/company\\\/#breadcrumb\"},\"inLanguage\":\"fr-FR\",\"potentialAction\":[{\"@type\":\"ReadAction\",\"target\":[\"https:\\\/\\\/www.moog-online.com\\\/fr\\\/company\\\/\"]}]},{\"@type\":\"BreadcrumbList\",\"@id\":\"https:\\\/\\\/www.moog-online.com\\\/fr\\\/company\\\/#breadcrumb\",\"itemListElement\":[{\"@type\":\"ListItem\",\"position\":1,\"name\":\"Startseite\",\"item\":\"https:\\\/\\\/www.moog-online.com\\\/fr\\\/\"},{\"@type\":\"ListItem\",\"position\":2,\"name\":\"Company\"}]},{\"@type\":\"WebSite\",\"@id\":\"https:\\\/\\\/www.moog-online.com\\\/#website\",\"url\":\"https:\\\/\\\/www.moog-online.com\\\/\",\"name\":\"MOOG\",\"description\":\"Br\u00fcckenzugangstechnik - Under Bridge Access Solutions\",\"publisher\":{\"@id\":\"https:\\\/\\\/www.moog-online.com\\\/#organization\"},\"potentialAction\":[{\"@type\":\"SearchAction\",\"target\":{\"@type\":\"EntryPoint\",\"urlTemplate\":\"https:\\\/\\\/www.moog-online.com\\\/?s={search_term_string}\"},\"query-input\":{\"@type\":\"PropertyValueSpecification\",\"valueRequired\":true,\"valueName\":\"search_term_string\"}}],\"inLanguage\":\"fr-FR\"},{\"@type\":\"Organization\",\"@id\":\"https:\\\/\\\/www.moog-online.com\\\/#organization\",\"name\":\"MOOG GmbH Br\u00fcckenzugangstechnik - Under Bridge Access Solutions\",\"url\":\"https:\\\/\\\/www.moog-online.com\\\/\",\"logo\":{\"@type\":\"ImageObject\",\"inLanguage\":\"fr-FR\",\"@id\":\"https:\\\/\\\/www.moog-online.com\\\/#\\\/schema\\\/logo\\\/image\\\/\",\"url\":\"\",\"contentUrl\":\"\",\"caption\":\"MOOG GmbH Br\u00fcckenzugangstechnik - Under Bridge Access Solutions\"},\"image\":{\"@id\":\"https:\\\/\\\/www.moog-online.com\\\/#\\\/schema\\\/logo\\\/image\\\/\"}}]}<\/script>\n<!-- \/ Yoast SEO plugin. -->","yoast_head_json":{"title":"Company - MOOG Br\u00fcckenzugangstechnik - Under Bridge Access Solutions","robots":{"index":"index","follow":"follow","max-snippet":"max-snippet:-1","max-image-preview":"max-image-preview:large","max-video-preview":"max-video-preview:-1"},"canonical":"https:\/\/www.moog-online.com\/fr\/company\/","og_locale":"fr_FR","og_type":"article","og_title":"Company - MOOG Br\u00fcckenzugangstechnik - Under Bridge Access Solutions","og_description":"[vc_row full_width=\u00a0\u00bbstretch_row\u00a0\u00bb content_placement=\u00a0\u00bbmiddle\u00a0\u00bb parallax=\u00a0\u00bbcontent-moving\u00a0\u00bb parallax_image=\u00a0\u00bb8013&Prime; css=\u00a0\u00bb.vc_custom_1725525953800{padding-top: 60px !important;padding-bottom: 25px !important;}\u00a0\u00bb el_class=\u00a0\u00bbtext-white min-height-600 bg-text-white\u00a0\u00bb][vc_column][vc_row_inner css=\u00a0\u00bb.vc_custom_1536426093432{margin-bottom: 0px !important;}\u00a0\u00bb][vc_column_inner el_class=\u00a0\u00bbtext-bold\u00a0\u00bb width=\u00a0\u00bb2\/3&Prime;][vc_custom_heading text=\u00a0\u00bbWe solve your access problems &#8211; reliably and [&hellip;]Lire la suite","og_url":"https:\/\/www.moog-online.com\/fr\/company\/","og_site_name":"MOOG","article_modified_time":"2026-04-05T20:30:16+00:00","twitter_card":"summary_large_image","twitter_misc":{"Dur\u00e9e de lecture estim\u00e9e":"6 minutes"},"schema":{"@context":"https:\/\/schema.org","@graph":[{"@type":"WebPage","@id":"https:\/\/www.moog-online.com\/fr\/company\/","url":"https:\/\/www.moog-online.com\/fr\/company\/","name":"Company - MOOG Br\u00fcckenzugangstechnik - Under Bridge Access Solutions","isPartOf":{"@id":"https:\/\/www.moog-online.com\/#website"},"datePublished":"2018-08-29T16:02:50+00:00","dateModified":"2026-04-05T20:30:16+00:00","breadcrumb":{"@id":"https:\/\/www.moog-online.com\/fr\/company\/#breadcrumb"},"inLanguage":"fr-FR","potentialAction":[{"@type":"ReadAction","target":["https:\/\/www.moog-online.com\/fr\/company\/"]}]},{"@type":"BreadcrumbList","@id":"https:\/\/www.moog-online.com\/fr\/company\/#breadcrumb","itemListElement":[{"@type":"ListItem","position":1,"name":"Startseite","item":"https:\/\/www.moog-online.com\/fr\/"},{"@type":"ListItem","position":2,"name":"Company"}]},{"@type":"WebSite","@id":"https:\/\/www.moog-online.com\/#website","url":"https:\/\/www.moog-online.com\/","name":"MOOG","description":"Br\u00fcckenzugangstechnik - Under Bridge Access Solutions","publisher":{"@id":"https:\/\/www.moog-online.com\/#organization"},"potentialAction":[{"@type":"SearchAction","target":{"@type":"EntryPoint","urlTemplate":"https:\/\/www.moog-online.com\/?s={search_term_string}"},"query-input":{"@type":"PropertyValueSpecification","valueRequired":true,"valueName":"search_term_string"}}],"inLanguage":"fr-FR"},{"@type":"Organization","@id":"https:\/\/www.moog-online.com\/#organization","name":"MOOG GmbH Br\u00fcckenzugangstechnik - Under Bridge Access Solutions","url":"https:\/\/www.moog-online.com\/","logo":{"@type":"ImageObject","inLanguage":"fr-FR","@id":"https:\/\/www.moog-online.com\/#\/schema\/logo\/image\/","url":"","contentUrl":"","caption":"MOOG GmbH Br\u00fcckenzugangstechnik - Under Bridge Access Solutions"},"image":{"@id":"https:\/\/www.moog-online.com\/#\/schema\/logo\/image\/"}}]}},"_links":{"self":[{"href":"https:\/\/www.moog-online.com\/fr\/wp-json\/wp\/v2\/pages\/5631","targetHints":{"allow":["GET"]}}],"collection":[{"href":"https:\/\/www.moog-online.com\/fr\/wp-json\/wp\/v2\/pages"}],"about":[{"href":"https:\/\/www.moog-online.com\/fr\/wp-json\/wp\/v2\/types\/page"}],"author":[{"embeddable":true,"href":"https:\/\/www.moog-online.com\/fr\/wp-json\/wp\/v2\/users\/2"}],"replies":[{"embeddable":true,"href":"https:\/\/www.moog-online.com\/fr\/wp-json\/wp\/v2\/comments?post=5631"}],"version-history":[{"count":4,"href":"https:\/\/www.moog-online.com\/fr\/wp-json\/wp\/v2\/pages\/5631\/revisions"}],"predecessor-version":[{"id":8796,"href":"https:\/\/www.moog-online.com\/fr\/wp-json\/wp\/v2\/pages\/5631\/revisions\/8796"}],"wp:attachment":[{"href":"https:\/\/www.moog-online.com\/fr\/wp-json\/wp\/v2\/media?parent=5631"}],"curies":[{"name":"wp","href":"https:\/\/api.w.org\/{rel}","templated":true}]}}