{"id":5656,"date":"2018-08-24T14:02:12","date_gmt":"2018-08-24T12:02:12","guid":{"rendered":"https:\/\/www.moog-online.com\/impressum\/"},"modified":"2023-02-15T11:30:53","modified_gmt":"2023-02-15T10:30:53","slug":"imprint","status":"publish","type":"page","link":"https:\/\/www.moog-online.com\/en\/imprint\/","title":{"rendered":"Imprint"},"content":{"rendered":"<p>[vc_row css=&#8221;.vc_custom_1536416158789{padding-top: 60px !important;padding-bottom: 25px !important;}&#8221;][vc_column][vc_row_inner][vc_column_inner el_class=&#8221;text-bold&#8221; width=&#8221;2\/3&#8243;][vc_column_text css=&#8221;.vc_custom_1552504426784{margin-bottom: 15px !important;}&#8221;]<\/p>\n<p class=\"big\">EVERYTHING IN VIEW<\/p>\n<p>[\/vc_column_text][vc_custom_heading source=&#8221;post_title&#8221; font_container=&#8221;tag:h1|text_align:left&#8221; use_theme_fonts=&#8221;yes&#8221;][\/vc_column_inner][vc_column_inner width=&#8221;1\/3&#8243;][\/vc_column_inner][\/vc_row_inner][vc_row_inner][vc_column_inner][vc_column_text]<\/p>\n<h3><strong>Angaben gem\u00e4\u00df \u00a7 5 TMG<\/strong><\/h3>\n<p><strong><br \/>\n<\/strong><strong>MOOG GmbH Br\u00fcckenzugangstechnik<br \/>\n<\/strong>Im Gewerbegebiet 8<br \/>\n88693 Deggenhausertal<br \/>\nDeutschland<\/p>\n<p>Tel.:\u00a0+49 7555 \/ 933-0<br \/>\nFax: +49 7555 \/ 933-66<br \/>\n<a href=\"mailto:info@moog-online.de\">info@moog-online.de<\/a><br \/>\n<a href=\"https:\/\/www.moog-online.com\">www.moog-online.com<\/a><\/p>\n<p>Gesch\u00e4ftsf\u00fchrer: Christine Moog-Ganzenm\u00fcller<br \/>\nSitz der Gesellschaft: Deggenhausertal Registergericht Freiburg<\/p>\n<p>Registernummer: HRB\u00a0580400<br \/>\nUmsatzsteuer-Identifikationsnummer gem\u00e4\u00df \u00a7 27 a Umsatzsteuergesetz: DE\u00a0811197794<\/p>\n<p>&nbsp;<\/p>\n<h3><strong>Verantwortlich f\u00fcr den Inhalt nach \u00a7 55 Abs. 2 RStV<\/strong><\/h3>\n<p><strong>MOOG GmbH Br\u00fcckenzugangstechnik<br \/>\n<\/strong>Im Gewerbegebiet 8<br \/>\n88693 Deggenhausertal<br \/>\nDeutschland<\/p>\n<p>&nbsp;<\/p>\n<h3><strong>Umsetzung und Programmierung<\/strong><\/h3>\n<p><a href=\"https:\/\/www.tellerrnd.de\/\" target=\"_blank\" rel=\"noopener noreferrer\">tellerrand | Webdesign, Webentwicklung<\/a><\/p>\n<p>&nbsp;<\/p>\n<h3><strong>Online-Streitbeilegung<\/strong><\/h3>\n<p>Die Europ\u00e4ische Kommission stellt unter https:\/\/ec.europa.eu\/consumers\/odr\/ eine Plattform zur Online-Streitbeilegung bereit, die Verbraucher f\u00fcr die Beilegung einer Streitigkeit nutzen k\u00f6nnen und auf der weitere Informationen zum Thema Streitschlichtung zu finden sind.<\/p>\n<p>&nbsp;<\/p>\n<h3><strong>Au\u00dfergerichtliche Streitbeilegung<\/strong><\/h3>\n<p>Wir sind weder verpflichtet noch dazu bereit, im Falle einer Streitigkeit mit einem Verbraucher an einem Streitbeilegungsverfahren vor einer Verbraucherschlichtungsstelle teilzunehmen.<\/p>\n<p>&nbsp;<\/p>\n<h3><strong>Haftung f\u00fcr Inhalte<\/strong><\/h3>\n<p>Als Dienstanbieter sind wir gem\u00e4\u00df \u00a7 7 Abs.1 TMG f\u00fcr eigene Inhalte auf diesen Seiten nach den allgemeinen Gesetzen verantwortlich. Nach \u00a7\u00a7 8 bis 10 TMG sind wir als Dienstanbieter jedoch nicht verpflichtet, \u00fcbermittelte oder gespeicherte fremde Informationen zu \u00fcberwachen oder nach Umst\u00e4nden zu forschen, die auf eine rechtswidrige T\u00e4tigkeit hinweisen.<\/p>\n<p>Verpflichtungen zur Entfernung oder Sperrung der Nutzung von Informationen nach den allgemeinen Gesetzen bleiben hiervon unber\u00fchrt. Eine diesbez\u00fcgliche Haftung ist jedoch erst ab dem Zeitpunkt der Kenntnis einer konkreten Rechtsverletzung m\u00f6glich. Bei Bekanntwerden von entsprechenden Rechtsverletzungen werden wir diese Inhalte umgehend entfernen.<\/p>\n<p>&nbsp;<\/p>\n<h3><strong>Haftung f\u00fcr Links<\/strong><\/h3>\n<p>Unser Angebot enth\u00e4lt Links zu externen Webseiten Dritter, auf deren Inhalte wir keinen Einfluss haben. Deshalb k\u00f6nnen wir f\u00fcr diese fremden Inhalte auch keine Gew\u00e4hr \u00fcbernehmen. F\u00fcr die Inhalte der verlinkten Seiten ist stets der jeweilige Anbieter oder Betreiber der Seiten verantwortlich. Die verlinkten Seiten wurden zum Zeitpunkt der Verlinkung auf m\u00f6gliche Rechtsverst\u00f6\u00dfe \u00fcberpr\u00fcft. Rechtswidrige Inhalte waren zum Zeitpunkt der Verlinkung nicht erkennbar.<\/p>\n<p>Eine permanente inhaltliche Kontrolle der verlinkten Seiten ist jedoch ohne konkrete Anhaltspunkte einer Rechtsverletzung nicht zumutbar. Bei Bekanntwerden von Rechtsverletzungen werden wir derartige Links umgehend entfernen.<\/p>\n<p>&nbsp;<\/p>\n<h3><strong>Urheberrecht<\/strong><\/h3>\n<p>Die durch die Seitenbetreiber erstellten Inhalte und Werke auf diesen Seiten unterliegen dem deutschen Urheberrecht. Die Vervielf\u00e4ltigung, Bearbeitung, Verbreitung und jede Art der Verwertung au\u00dferhalb der Grenzen des Urheberrechtes bed\u00fcrfen der schriftlichen Zustimmung des jeweiligen Autors bzw. Erstellers. Downloads und Kopien dieser Seite sind nur f\u00fcr den privaten, nicht kommerziellen Gebrauch gestattet.<\/p>\n<p>Soweit die Inhalte auf dieser Seite nicht vom Betreiber erstellt wurden, werden die Urheberrechte Dritter beachtet. Insbesondere werden Inhalte Dritter als solche gekennzeichnet. Sollten Sie trotzdem auf eine Urheberrechtsverletzung aufmerksam werden, bitten wir um einen entsprechenden Hinweis. Bei Bekanntwerden von Rechtsverletzungen werden wir derartige Inhalte umgehend entfernen.[\/vc_column_text][\/vc_column_inner][\/vc_row_inner][\/vc_column][\/vc_row]<\/p>\n","protected":false},"excerpt":{"rendered":"<p>[vc_row css=&#8221;.vc_custom_1536416158789{padding-top: 60px !important;padding-bottom: 25px !important;}&#8221;][vc_column][vc_row_inner][vc_column_inner el_class=&#8221;text-bold&#8221; width=&#8221;2\/3&#8243;][vc_column_text css=&#8221;.vc_custom_1552504426784{margin-bottom: 15px !important;}&#8221;] EVERYTHING IN VIEW [\/vc_column_text][vc_custom_heading source=&#8221;post_title&#8221; font_container=&#8221;tag:h1|text_align:left&#8221; use_theme_fonts=&#8221;yes&#8221;][\/vc_column_inner][vc_column_inner width=&#8221;1\/3&#8243;][\/vc_column_inner][\/vc_row_inner][vc_row_inner][vc_column_inner][vc_column_text] Angaben gem\u00e4\u00df \u00a7 5 TMG MOOG GmbH [&hellip;]<\/p>\n<p class=\"read-more\">Read more<i class=\"icon-right-open\"><\/i><\/p>\n","protected":false},"author":2,"featured_media":0,"parent":0,"menu_order":8,"comment_status":"closed","ping_status":"closed","template":"","meta":{"footnotes":""},"class_list":["post-5656","page","type-page","status-publish","hentry"],"yoast_head":"<!-- This site is optimized with the Yoast SEO plugin v27.3 - https:\/\/yoast.com\/product\/yoast-seo-wordpress\/ -->\n<title>Imprint - MOOG Br\u00fcckenzugangstechnik - Under Bridge Access Solutions<\/title>\n<meta name=\"robots\" content=\"index, follow, max-snippet:-1, max-image-preview:large, max-video-preview:-1\" \/>\n<link rel=\"canonical\" href=\"https:\/\/www.moog-online.com\/en\/imprint\/\" \/>\n<meta property=\"og:locale\" content=\"en_GB\" \/>\n<meta property=\"og:type\" content=\"article\" \/>\n<meta property=\"og:title\" content=\"Imprint - MOOG Br\u00fcckenzugangstechnik - Under Bridge Access Solutions\" \/>\n<meta property=\"og:description\" content=\"[vc_row css=&#8221;.vc_custom_1536416158789{padding-top: 60px !important;padding-bottom: 25px !important;}&#8221;][vc_column][vc_row_inner][vc_column_inner el_class=&#8221;text-bold&#8221; width=&#8221;2\/3&#8243;][vc_column_text css=&#8221;.vc_custom_1552504426784{margin-bottom: 15px !important;}&#8221;] EVERYTHING IN VIEW [\/vc_column_text][vc_custom_heading source=&#8221;post_title&#8221; font_container=&#8221;tag:h1|text_align:left&#8221; use_theme_fonts=&#8221;yes&#8221;][\/vc_column_inner][vc_column_inner width=&#8221;1\/3&#8243;][\/vc_column_inner][\/vc_row_inner][vc_row_inner][vc_column_inner][vc_column_text] Angaben gem\u00e4\u00df \u00a7 5 TMG MOOG GmbH [&hellip;]Read more\" \/>\n<meta property=\"og:url\" content=\"https:\/\/www.moog-online.com\/en\/imprint\/\" \/>\n<meta property=\"og:site_name\" content=\"MOOG\" \/>\n<meta property=\"article:modified_time\" content=\"2023-02-15T10:30:53+00:00\" \/>\n<meta name=\"twitter:card\" content=\"summary_large_image\" \/>\n<meta name=\"twitter:label1\" content=\"Estimated reading time\" \/>\n\t<meta name=\"twitter:data1\" content=\"3 minutes\" \/>\n<script type=\"application\/ld+json\" class=\"yoast-schema-graph\">{\"@context\":\"https:\\\/\\\/schema.org\",\"@graph\":[{\"@type\":\"WebPage\",\"@id\":\"https:\\\/\\\/www.moog-online.com\\\/en\\\/imprint\\\/\",\"url\":\"https:\\\/\\\/www.moog-online.com\\\/en\\\/imprint\\\/\",\"name\":\"Imprint - MOOG Br\u00fcckenzugangstechnik - Under Bridge Access Solutions\",\"isPartOf\":{\"@id\":\"https:\\\/\\\/www.moog-online.com\\\/#website\"},\"datePublished\":\"2018-08-24T12:02:12+00:00\",\"dateModified\":\"2023-02-15T10:30:53+00:00\",\"breadcrumb\":{\"@id\":\"https:\\\/\\\/www.moog-online.com\\\/en\\\/imprint\\\/#breadcrumb\"},\"inLanguage\":\"en-GB\",\"potentialAction\":[{\"@type\":\"ReadAction\",\"target\":[\"https:\\\/\\\/www.moog-online.com\\\/en\\\/imprint\\\/\"]}]},{\"@type\":\"BreadcrumbList\",\"@id\":\"https:\\\/\\\/www.moog-online.com\\\/en\\\/imprint\\\/#breadcrumb\",\"itemListElement\":[{\"@type\":\"ListItem\",\"position\":1,\"name\":\"Startseite\",\"item\":\"https:\\\/\\\/www.moog-online.com\\\/en\\\/\"},{\"@type\":\"ListItem\",\"position\":2,\"name\":\"Imprint\"}]},{\"@type\":\"WebSite\",\"@id\":\"https:\\\/\\\/www.moog-online.com\\\/#website\",\"url\":\"https:\\\/\\\/www.moog-online.com\\\/\",\"name\":\"MOOG\",\"description\":\"Br\u00fcckenzugangstechnik - Under Bridge Access Solutions\",\"publisher\":{\"@id\":\"https:\\\/\\\/www.moog-online.com\\\/#organization\"},\"potentialAction\":[{\"@type\":\"SearchAction\",\"target\":{\"@type\":\"EntryPoint\",\"urlTemplate\":\"https:\\\/\\\/www.moog-online.com\\\/?s={search_term_string}\"},\"query-input\":{\"@type\":\"PropertyValueSpecification\",\"valueRequired\":true,\"valueName\":\"search_term_string\"}}],\"inLanguage\":\"en-GB\"},{\"@type\":\"Organization\",\"@id\":\"https:\\\/\\\/www.moog-online.com\\\/#organization\",\"name\":\"MOOG GmbH Br\u00fcckenzugangstechnik - Under Bridge Access Solutions\",\"url\":\"https:\\\/\\\/www.moog-online.com\\\/\",\"logo\":{\"@type\":\"ImageObject\",\"inLanguage\":\"en-GB\",\"@id\":\"https:\\\/\\\/www.moog-online.com\\\/#\\\/schema\\\/logo\\\/image\\\/\",\"url\":\"\",\"contentUrl\":\"\",\"caption\":\"MOOG GmbH Br\u00fcckenzugangstechnik - Under Bridge Access Solutions\"},\"image\":{\"@id\":\"https:\\\/\\\/www.moog-online.com\\\/#\\\/schema\\\/logo\\\/image\\\/\"}}]}<\/script>\n<!-- \/ Yoast SEO plugin. -->","yoast_head_json":{"title":"Imprint - MOOG Br\u00fcckenzugangstechnik - Under Bridge Access Solutions","robots":{"index":"index","follow":"follow","max-snippet":"max-snippet:-1","max-image-preview":"max-image-preview:large","max-video-preview":"max-video-preview:-1"},"canonical":"https:\/\/www.moog-online.com\/en\/imprint\/","og_locale":"en_GB","og_type":"article","og_title":"Imprint - MOOG Br\u00fcckenzugangstechnik - Under Bridge Access Solutions","og_description":"[vc_row css=&#8221;.vc_custom_1536416158789{padding-top: 60px !important;padding-bottom: 25px !important;}&#8221;][vc_column][vc_row_inner][vc_column_inner el_class=&#8221;text-bold&#8221; width=&#8221;2\/3&#8243;][vc_column_text css=&#8221;.vc_custom_1552504426784{margin-bottom: 15px !important;}&#8221;] EVERYTHING IN VIEW [\/vc_column_text][vc_custom_heading source=&#8221;post_title&#8221; font_container=&#8221;tag:h1|text_align:left&#8221; use_theme_fonts=&#8221;yes&#8221;][\/vc_column_inner][vc_column_inner width=&#8221;1\/3&#8243;][\/vc_column_inner][\/vc_row_inner][vc_row_inner][vc_column_inner][vc_column_text] Angaben gem\u00e4\u00df \u00a7 5 TMG MOOG GmbH [&hellip;]Read more","og_url":"https:\/\/www.moog-online.com\/en\/imprint\/","og_site_name":"MOOG","article_modified_time":"2023-02-15T10:30:53+00:00","twitter_card":"summary_large_image","twitter_misc":{"Estimated reading time":"3 minutes"},"schema":{"@context":"https:\/\/schema.org","@graph":[{"@type":"WebPage","@id":"https:\/\/www.moog-online.com\/en\/imprint\/","url":"https:\/\/www.moog-online.com\/en\/imprint\/","name":"Imprint - MOOG Br\u00fcckenzugangstechnik - Under Bridge Access Solutions","isPartOf":{"@id":"https:\/\/www.moog-online.com\/#website"},"datePublished":"2018-08-24T12:02:12+00:00","dateModified":"2023-02-15T10:30:53+00:00","breadcrumb":{"@id":"https:\/\/www.moog-online.com\/en\/imprint\/#breadcrumb"},"inLanguage":"en-GB","potentialAction":[{"@type":"ReadAction","target":["https:\/\/www.moog-online.com\/en\/imprint\/"]}]},{"@type":"BreadcrumbList","@id":"https:\/\/www.moog-online.com\/en\/imprint\/#breadcrumb","itemListElement":[{"@type":"ListItem","position":1,"name":"Startseite","item":"https:\/\/www.moog-online.com\/en\/"},{"@type":"ListItem","position":2,"name":"Imprint"}]},{"@type":"WebSite","@id":"https:\/\/www.moog-online.com\/#website","url":"https:\/\/www.moog-online.com\/","name":"MOOG","description":"Br\u00fcckenzugangstechnik - Under Bridge Access Solutions","publisher":{"@id":"https:\/\/www.moog-online.com\/#organization"},"potentialAction":[{"@type":"SearchAction","target":{"@type":"EntryPoint","urlTemplate":"https:\/\/www.moog-online.com\/?s={search_term_string}"},"query-input":{"@type":"PropertyValueSpecification","valueRequired":true,"valueName":"search_term_string"}}],"inLanguage":"en-GB"},{"@type":"Organization","@id":"https:\/\/www.moog-online.com\/#organization","name":"MOOG GmbH Br\u00fcckenzugangstechnik - Under Bridge Access Solutions","url":"https:\/\/www.moog-online.com\/","logo":{"@type":"ImageObject","inLanguage":"en-GB","@id":"https:\/\/www.moog-online.com\/#\/schema\/logo\/image\/","url":"","contentUrl":"","caption":"MOOG GmbH Br\u00fcckenzugangstechnik - Under Bridge Access Solutions"},"image":{"@id":"https:\/\/www.moog-online.com\/#\/schema\/logo\/image\/"}}]}},"_links":{"self":[{"href":"https:\/\/www.moog-online.com\/en\/wp-json\/wp\/v2\/pages\/5656","targetHints":{"allow":["GET"]}}],"collection":[{"href":"https:\/\/www.moog-online.com\/en\/wp-json\/wp\/v2\/pages"}],"about":[{"href":"https:\/\/www.moog-online.com\/en\/wp-json\/wp\/v2\/types\/page"}],"author":[{"embeddable":true,"href":"https:\/\/www.moog-online.com\/en\/wp-json\/wp\/v2\/users\/2"}],"replies":[{"embeddable":true,"href":"https:\/\/www.moog-online.com\/en\/wp-json\/wp\/v2\/comments?post=5656"}],"version-history":[{"count":5,"href":"https:\/\/www.moog-online.com\/en\/wp-json\/wp\/v2\/pages\/5656\/revisions"}],"predecessor-version":[{"id":7399,"href":"https:\/\/www.moog-online.com\/en\/wp-json\/wp\/v2\/pages\/5656\/revisions\/7399"}],"wp:attachment":[{"href":"https:\/\/www.moog-online.com\/en\/wp-json\/wp\/v2\/media?parent=5656"}],"curies":[{"name":"wp","href":"https:\/\/api.w.org\/{rel}","templated":true}]}}